{"id":5906,"date":"2023-05-02T19:23:01","date_gmt":"2023-05-02T19:23:01","guid":{"rendered":"https:\/\/turismo.ufpr.br\/?page_id=5906"},"modified":"2025-08-25T18:39:20","modified_gmt":"2025-08-25T18:39:20","slug":"programa-de-orientacao-academica","status":"publish","type":"page","link":"https:\/\/turismo.ufpr.br\/index.php\/regulamentos-grad\/programa-de-orientacao-academica\/","title":{"rendered":"Programa de Orienta\u00e7\u00e3o Acad\u00eamica"},"content":{"rendered":"<p><a href=\"https:\/\/turismo.ufpr.br\/wp-content\/uploads\/2025\/08\/2025-POA.pdf\">7 Programa de Orienta\u00e7\u00e3o Acad\u00eamica<\/a><\/p>\n","protected":false},"excerpt":{"rendered":"<p>7 Programa de Orienta\u00e7\u00e3o Acad\u00eamica<\/p>\n","protected":false},"author":1318,"featured_media":0,"parent":5613,"menu_order":0,"comment_status":"closed","ping_status":"closed","template":"page-graduacao.php","meta":{"footnotes":""},"class_list":["post-5906","page","type-page","status-publish","hentry"],"_links":{"self":[{"href":"https:\/\/turismo.ufpr.br\/index.php\/wp-json\/wp\/v2\/pages\/5906","targetHints":{"allow":["GET"]}}],"collection":[{"href":"https:\/\/turismo.ufpr.br\/index.php\/wp-json\/wp\/v2\/pages"}],"about":[{"href":"https:\/\/turismo.ufpr.br\/index.php\/wp-json\/wp\/v2\/types\/page"}],"author":[{"embeddable":true,"href":"https:\/\/turismo.ufpr.br\/index.php\/wp-json\/wp\/v2\/users\/1318"}],"replies":[{"embeddable":true,"href":"https:\/\/turismo.ufpr.br\/index.php\/wp-json\/wp\/v2\/comments?post=5906"}],"version-history":[{"count":4,"href":"https:\/\/turismo.ufpr.br\/index.php\/wp-json\/wp\/v2\/pages\/5906\/revisions"}],"predecessor-version":[{"id":6349,"href":"https:\/\/turismo.ufpr.br\/index.php\/wp-json\/wp\/v2\/pages\/5906\/revisions\/6349"}],"up":[{"embeddable":true,"href":"https:\/\/turismo.ufpr.br\/index.php\/wp-json\/wp\/v2\/pages\/5613"}],"wp:attachment":[{"href":"https:\/\/turismo.ufpr.br\/index.php\/wp-json\/wp\/v2\/media?parent=5906"}],"curies":[{"name":"wp","href":"https:\/\/api.w.org\/{rel}","templated":true}]}}