{"id":5697,"date":"2023-01-26T19:10:34","date_gmt":"2023-01-26T19:10:34","guid":{"rendered":"https:\/\/turismo.ufpr.br\/?page_id=5697"},"modified":"2023-01-26T19:59:48","modified_gmt":"2023-01-26T19:59:48","slug":"historico-dep","status":"publish","type":"page","link":"https:\/\/turismo.ufpr.br\/index.php\/apresentacao-dep\/historico-dep\/","title":{"rendered":"Hist\u00f3rico"},"content":{"rendered":"<p>Hist\u00f3rico do Departamento de Turismo<\/p>\n<p>Fundada em 19 de dezembro de 1912, a Universidade Federal do Paran\u00e1 &#8211; UFPR \u00e9 hoje uma institui\u00e7\u00e3o p\u00fablica de ensino superior, s\u00edmbolo da intelectualidade paranaense, com miss\u00e3o institucional direcionada para a busca incessante da excel\u00eancia no ensino, pesquisa e extens\u00e3o, por meio do desenvolvimento e dep\u00f3sito de ideias e m\u00e9todos tecnol\u00f3gicos e inovadores. Amparada por seus princ\u00edpios e valores e, impulsionada por uma vis\u00e3o ousada, todavia realista, poss\u00edvel de ser atingida com trabalho e responsabilidade, almeja posi\u00e7\u00e3o de destaque nacional e internacional (CURITIBA, 2020, p. 24). A UFPR tem como miss\u00e3o, fomentar, construir e disseminar o conhecimento, contribuindo de forma significativa para a constru\u00e7\u00e3o de uma sociedade cr\u00edtica, equ\u00e2nime e solid\u00e1ria?. (UFPR, 2020, p. 24).<br \/>\nO Departamento de Turismo\/DETUR instalado no ano 2000 tem como miss\u00e3o &#8220;Criar condi\u00e7\u00f5es adequadas para o ensino, a pesquisa e a extens\u00e3o na \u00e1rea do turismo, contribuindo para a forma\u00e7\u00e3o de cidad\u00e3os comprometidos com o turismo sustent\u00e1vel para a promo\u00e7\u00e3o do desenvolvimento com responsabilidade social.&#8221; (DETUR \/PPGTUR\/CTUR, 2022).<br \/>\nO DETUR atua para garantir o funcionamento adequado do Curso de Bacharelado em Turismo e do Programa de P\u00f3s-gradua\u00e7\u00e3o em Turismo.<\/p>\n","protected":false},"excerpt":{"rendered":"<p>Hist\u00f3rico do Departamento de Turismo Fundada em 19 de dezembro de 1912, a Universidade Federal do Paran\u00e1 &#8211; UFPR \u00e9 hoje uma institui\u00e7\u00e3o p\u00fablica de ensino superior, s\u00edmbolo da intelectualidade paranaense, com miss\u00e3o institucional direcionada para a busca incessante da excel\u00eancia no ensino, pesquisa e extens\u00e3o, por meio do desenvolvimento e dep\u00f3sito de ideias e [&hellip;]<\/p>\n","protected":false},"author":1318,"featured_media":0,"parent":5597,"menu_order":0,"comment_status":"closed","ping_status":"closed","template":"page-departamento.php","meta":{"footnotes":""},"class_list":["post-5697","page","type-page","status-publish","hentry"],"_links":{"self":[{"href":"https:\/\/turismo.ufpr.br\/index.php\/wp-json\/wp\/v2\/pages\/5697","targetHints":{"allow":["GET"]}}],"collection":[{"href":"https:\/\/turismo.ufpr.br\/index.php\/wp-json\/wp\/v2\/pages"}],"about":[{"href":"https:\/\/turismo.ufpr.br\/index.php\/wp-json\/wp\/v2\/types\/page"}],"author":[{"embeddable":true,"href":"https:\/\/turismo.ufpr.br\/index.php\/wp-json\/wp\/v2\/users\/1318"}],"replies":[{"embeddable":true,"href":"https:\/\/turismo.ufpr.br\/index.php\/wp-json\/wp\/v2\/comments?post=5697"}],"version-history":[{"count":3,"href":"https:\/\/turismo.ufpr.br\/index.php\/wp-json\/wp\/v2\/pages\/5697\/revisions"}],"predecessor-version":[{"id":6194,"href":"https:\/\/turismo.ufpr.br\/index.php\/wp-json\/wp\/v2\/pages\/5697\/revisions\/6194"}],"up":[{"embeddable":true,"href":"https:\/\/turismo.ufpr.br\/index.php\/wp-json\/wp\/v2\/pages\/5597"}],"wp:attachment":[{"href":"https:\/\/turismo.ufpr.br\/index.php\/wp-json\/wp\/v2\/media?parent=5697"}],"curies":[{"name":"wp","href":"https:\/\/api.w.org\/{rel}","templated":true}]}}