{"id":5645,"date":"2023-01-26T17:38:50","date_gmt":"2023-01-26T17:38:50","guid":{"rendered":"https:\/\/turismo.ufpr.br\/?page_id=5645"},"modified":"2026-03-30T13:02:33","modified_gmt":"2026-03-30T13:02:33","slug":"editais-grad","status":"publish","type":"page","link":"https:\/\/turismo.ufpr.br\/index.php\/editais-grad\/","title":{"rendered":"Editais"},"content":{"rendered":"<p>&nbsp;<\/p>\n<p>&nbsp;<\/p>\n<h2><span style=\"color: #000000\">\u2192\u00a0<strong>Disciplinas eletivas e Disciplinas Isoladas<\/strong><\/span><\/h2>\n<p><strong><a href=\"https:\/\/turismo.ufpr.br\/wp-content\/uploads\/2026\/03\/Edital-01-2026-Eletivas-e-Isolada-2026-1.pdf\" target=\"_blank\" rel=\"noopener\">Edital 01\/2026\/DETUR \u2013 Eletivas e Isoladas<\/a><\/strong>\u00a0&#8211; Vagas para <a href=\"https:\/\/ufpraberta.ufpr.br\/mod\/page\/view.php?id=168\" target=\"_blank\" rel=\"noopener\">matr\u00edcula em Disciplinas Eletivas<\/a> 2026-1 e Vagas para matr\u00edcula em <a href=\"https:\/\/prograp.ufpr.br\/copap\/wp-content\/uploads\/sites\/2\/2023\/07\/Formulario_Isoladas-2.pdf\" target=\"_blank\" rel=\"noopener\">Disciplina Isoladas<\/a> 2026-1.<\/p>\n<p>&nbsp;<\/p>\n<p>&nbsp;<\/p>\n<h2>\u2192\u00a0<strong>Monitoria (PIM 2026-1):\u00a0<\/strong><\/h2>\n<p><strong><a href=\"https:\/\/turismo.ufpr.br\/wp-content\/uploads\/2026\/03\/PIM-Edital_de_selecao_2026-1.pdf\" target=\"_blank\" rel=\"noopener\">Edital de Abertura<\/a> <\/strong><span style=\"color: #000000\">&#8211; P<\/span><span style=\"font-size: 16px\">rocesso Seletivo de Monitores para o Programa Institucional de Monitoria (PIM) 2025-2.<\/span><\/p>\n<p><strong>INSCRI\u00c7\u00c3O:<\/strong> de<strong> 26\/02\/2026 at\u00e9 \u00e0s 15h de 03\/03\/2026<\/strong>\u00a0no e-mail do DETUR (detur@ufpr.br)<\/p>\n<p><strong>DATA DA SELE\u00c7\u00c3O: 04\/03\/2026 das 14h \u00e0s 16h, sala 321 &#8211; PRESENCIAL.<\/strong><\/p>\n<p>Resultado da sele\u00e7\u00e3o &#8211; <a href=\"https:\/\/turismo.ufpr.br\/wp-content\/uploads\/2026\/03\/PIM-Edital_de_selecao_2026-1-Resultado.pdf\" target=\"_blank\" rel=\"noopener\">clique aqui.<\/a><\/p>\n<p>&nbsp;<\/p>\n<h2>\u2192 Sele\u00e7\u00e3o AGETUR &#8211; Volunt\u00e1rios ou Bolsistas de Extens\u00e3o\u00a0<strong>2026:\u00a0<\/strong><\/h2>\n<p><strong><a href=\"https:\/\/turismo.ufpr.br\/wp-content\/uploads\/2026\/02\/Edital-no-01-2026-AGETUR-Selecao-AGETUR-03-2026.pdf\" target=\"_blank\" rel=\"noopener\">Edital n\u00ba 01\/2026 &#8211; AGETUR<\/a> <\/strong>&#8211; Processo Seletivo do Programa de Extens\u00e3o AGETUR &#8211; 2026<\/p>\n<p>Per\u00edodo de Inscri\u00e7\u00e3o: de <strong>24\/02 at\u00e9 \u00e0s 15h00 do dia 04 de mar\u00e7o de 2026<\/strong>\u00a0&#8211; e-mail: detur@ufpr.br<\/p>\n<p>Entrevista <strong>presencial: \u00e0s 14h de 05 de mar\u00e7o de 2026<\/strong><\/p>\n<p>Resultado da sele\u00e7\u00e3o &#8211; previsto para 06\/03\/2026\u00a0 &#8211;<a href=\"https:\/\/turismo.ufpr.br\/wp-content\/uploads\/2026\/03\/Edital-no-02-2026-AGETUR-Resultado-AGETUR-03-2026.pdf\">clique aqui.<\/a><\/p>\n<p>&nbsp;<\/p>\n<h2><\/h2>\n<h2><\/h2>\n<h2>\u2192\u00a0<strong>Sele\u00e7\u00e3o VITRINE_TUR \u2013 Voluntariado\u00a0<\/strong><strong>e Bolsa(s)\u00a0<\/strong><strong>de Extens\u00e3o 2026:\u00a0<\/strong><\/h2>\n<p><strong><a href=\"https:\/\/turismo.ufpr.br\/wp-content\/uploads\/2026\/02\/2026-EDITAL-Vitrine-Tur_final.pdf\" target=\"_blank\" rel=\"noopener\">Edital n\u00ba 01\/2026 &#8211;\u00a0 PROEC\/VITRINE_TUR<\/a> <\/strong>\u2013 Voluntariado e Bolsa(s) de Extens\u00e3o 2026<\/p>\n<p><strong>Per\u00edodo de inscri\u00e7\u00f5es:<\/strong> 10\/02 at\u00e9 as <strong>18h00 de domingo, 08\/03\/2026.<\/strong><\/p>\n<p><strong>Entrevista\u00a0<\/strong><b>Presencial: <\/b>10\/03 \u2013 ter\u00e7a-feira a partir da 14h00.<\/p>\n<p><strong>Divulga\u00e7\u00e3o de Resultados:<\/strong> 12\/03\/2026 \u2013 quinta-feira, a partir das 12h, por e-mail para os<br \/>\ncandidatos.\u00a0Clique aqui.<\/p>\n<p>&nbsp;<\/p>\n<p>&nbsp;<\/p>\n<h2>\u2192\u00a0<strong>Sele\u00e7\u00e3o OBSTUR \u2013 Voluntariado e Bolsa(s) de Extens\u00e3o 2026:\u00a0<\/strong><\/h2>\n<p><a href=\"https:\/\/turismo.ufpr.br\/wp-content\/uploads\/2025\/11\/Edital-no-02-2025-PROEC-OBSTUR-UFPR-2026.pdf\" target=\"_blank\" rel=\"noopener\">Edital n\u00ba 02\/2025\/OBSTUR <\/a>\u2013 Voluntariado e Bolsas de Extens\u00e3o 2026<\/p>\n<p><strong>Per\u00edodo de inscri\u00e7\u00f5es:<\/strong> 25\/11 at\u00e9 as <strong>12h00 de sexta, 05\/12\/2025.<\/strong><\/p>\n<p><strong>Entrevista <\/strong><b>Presencial: <\/b>09\/12 \u2013 ter\u00e7a-feira a partir da 09h00.<\/p>\n<p><strong>Divulga\u00e7\u00e3o de Resultados:<\/strong> 11\/12\/2025 \u2013 quinta-feira, a partir das 12h, por e-mail para os<br \/>\ncandidatos. <a href=\"https:\/\/turismo.ufpr.br\/wp-content\/uploads\/2025\/12\/2025-Resultado-Final_Edital-02.pdf\" target=\"_blank\" rel=\"noopener\">Clique aqui.<\/a><\/p>\n<p>&nbsp;<\/p>\n<h2><\/h2>\n<h2>\u2192 Sele\u00e7\u00e3o AGETUR &#8211; Bolsistas de Extens\u00e3o &#8211; PIBEX FA 2025\/2026:<\/h2>\n<p>&nbsp;<\/p>\n<p><strong><a href=\"https:\/\/turismo.ufpr.br\/wp-content\/uploads\/2025\/09\/Edital-05-AGETUR-Bolsa-Extensao-PBEX-2025-2026-Errata-alteracao-horario-selecao.pdf\">Edital n\u00ba 05-2025-AGETUR &#8211; PIBEX 2025-2026<\/a><\/strong><strong><a href=\"https:\/\/turismo.ufpr.br\/wp-content\/uploads\/2025\/09\/Edital-no-05-2025-AGETUR-Selecao-AGETUR-PIBEX-2025-2026.pdf\" target=\"_blank\" rel=\"noopener\">\u00a0<\/a><\/strong>&#8211; Processo Seletivo do Programa de Extens\u00e3o AGETUR<\/p>\n<p>Per\u00edodo de Inscri\u00e7\u00e3o: <strong>de 18 a 23 \/09\/2025<\/strong> &#8211; e-mail: detur@ufpr.br<br \/>\nEntrevista presencial: <span style=\"color: #ff0000\"><strong>Errata: altera\u00e7\u00e3o de hor\u00e1rio<span style=\"color: #000000\"> &#8211; \u00e0s<\/span> <\/strong><\/span><b>13h00<\/b><strong>\u00a0de 24 de setembro de 2025<\/strong>.<br \/>\nIn\u00edcio das atividades: 01 de novembro de 2025.<br \/>\nResultado da sele\u00e7\u00e3o &#8211; previsto para \u00e0s 14h00 do dia 25\/09\/2025\u00a0 &#8211; <a href=\"https:\/\/turismo.ufpr.br\/wp-content\/uploads\/2025\/09\/Edital-no-05-2025-AGETUR-Bolsa-Extensao-PBEX-2025-2026-Resultado.pdf\" target=\"_blank\" rel=\"noopener\">clique aqui.<\/a><\/p>\n<p>&nbsp;<\/p>\n<h2><\/h2>\n<h2><span style=\"color: #000000\">\u2192\u00a0<strong>Disciplinas eletivas e Disciplinas Isoladas:\u00a0<\/strong><\/span><\/h2>\n<p><strong><a href=\"https:\/\/turismo.ufpr.br\/wp-content\/uploads\/2025\/08\/Edital-03-2025-Eletiva-e-Isolada-2025-2.pdf\">Edital 03-2025 \u2013 Eletivas e Isoladas<\/a> <\/strong>&#8211; Vagas para <a href=\"https:\/\/ufpraberta.ufpr.br\/mod\/page\/view.php?id=168\" target=\"_blank\" rel=\"noopener\">matr\u00edcula em Disciplinas Eletivas<\/a> 2025-2 e Vagas para matr\u00edcula em <a href=\"https:\/\/turismo.ufpr.br\/wp-content\/uploads\/2025\/08\/Formulario-Isoladas.pdf\">Disciplina Isoladas<\/a> 2025-2.<\/p>\n<p>&nbsp;<\/p>\n<p>&nbsp;<\/p>\n<h2>\u2192\u00a0<strong>Sele\u00e7\u00e3o Inicia\u00e7\u00e3o Cient\u00edfica 2025:<\/strong><\/h2>\n<p><strong><a href=\"https:\/\/turismo.ufpr.br\/wp-content\/uploads\/2025\/06\/EDITAL-SELECAO-Iniciacao-Cientifica-_2025_-prof.-Leandro.pdf\" target=\"_blank\" rel=\"noopener\">Edital I.C. 2025<\/a><\/strong><\/p>\n<p><strong>Inscri\u00e7\u00f5es:<\/strong> Os(as) candidatos(as) dever\u00e3o enviar o Curr\u00edculo Lattes com uma Carta de<br \/>\nInten\u00e7\u00f5es at\u00e9 o dia 05\/07\/2025 no e-mail: leandrobrusadin@ufpr.br.<\/p>\n<p>&nbsp;<\/p>\n<p>&nbsp;<\/p>\n<p>&nbsp;<\/p>\n<p>&nbsp;<\/p>\n<p>&nbsp;<\/p>\n<p>&nbsp;<\/p>\n<p>&nbsp;<\/p>\n","protected":false},"excerpt":{"rendered":"<p>&nbsp; &nbsp; \u2192\u00a0Disciplinas eletivas e Disciplinas Isoladas Edital 01\/2026\/DETUR \u2013 Eletivas e Isoladas\u00a0&#8211; Vagas para matr\u00edcula em Disciplinas Eletivas 2026-1 e Vagas para matr\u00edcula em Disciplina Isoladas 2026-1. &nbsp; &nbsp; \u2192\u00a0Monitoria (PIM 2026-1):\u00a0 Edital de Abertura &#8211; Processo Seletivo de Monitores para o Programa Institucional de Monitoria (PIM) 2025-2. INSCRI\u00c7\u00c3O: de 26\/02\/2026 at\u00e9 \u00e0s 15h [&hellip;]<\/p>\n","protected":false},"author":1318,"featured_media":0,"parent":0,"menu_order":0,"comment_status":"closed","ping_status":"closed","template":"page-graduacao.php","meta":{"footnotes":""},"class_list":["post-5645","page","type-page","status-publish","hentry"],"_links":{"self":[{"href":"https:\/\/turismo.ufpr.br\/index.php\/wp-json\/wp\/v2\/pages\/5645","targetHints":{"allow":["GET"]}}],"collection":[{"href":"https:\/\/turismo.ufpr.br\/index.php\/wp-json\/wp\/v2\/pages"}],"about":[{"href":"https:\/\/turismo.ufpr.br\/index.php\/wp-json\/wp\/v2\/types\/page"}],"author":[{"embeddable":true,"href":"https:\/\/turismo.ufpr.br\/index.php\/wp-json\/wp\/v2\/users\/1318"}],"replies":[{"embeddable":true,"href":"https:\/\/turismo.ufpr.br\/index.php\/wp-json\/wp\/v2\/comments?post=5645"}],"version-history":[{"count":84,"href":"https:\/\/turismo.ufpr.br\/index.php\/wp-json\/wp\/v2\/pages\/5645\/revisions"}],"predecessor-version":[{"id":6452,"href":"https:\/\/turismo.ufpr.br\/index.php\/wp-json\/wp\/v2\/pages\/5645\/revisions\/6452"}],"wp:attachment":[{"href":"https:\/\/turismo.ufpr.br\/index.php\/wp-json\/wp\/v2\/media?parent=5645"}],"curies":[{"name":"wp","href":"https:\/\/api.w.org\/{rel}","templated":true}]}}