{"id":5643,"date":"2023-01-26T17:37:45","date_gmt":"2023-01-26T17:37:45","guid":{"rendered":"https:\/\/turismo.ufpr.br\/?page_id=5643"},"modified":"2023-01-27T18:00:16","modified_gmt":"2023-01-27T18:00:16","slug":"sisu","status":"publish","type":"page","link":"https:\/\/turismo.ufpr.br\/index.php\/formas-de-ingresso\/sisu\/","title":{"rendered":"SISU"},"content":{"rendered":"<p>Para informa\u00e7\u00f5es sobre o Sistema de Sele\u00e7\u00e3o Unificada (Sisu), acesse:<\/p>\n<p><span style=\"color: #3366ff;\"><a style=\"color: #3366ff;\" href=\"https:\/\/acessounico.mec.gov.br\/sisu\" target=\"_blank\" rel=\"noopener\">https:\/\/acessounico.mec.gov.br\/sisu<\/a><\/span><\/p>\n","protected":false},"excerpt":{"rendered":"<p>Para informa\u00e7\u00f5es sobre o Sistema de Sele\u00e7\u00e3o Unificada (Sisu), acesse: https:\/\/acessounico.mec.gov.br\/sisu<\/p>\n","protected":false},"author":1318,"featured_media":0,"parent":5639,"menu_order":0,"comment_status":"closed","ping_status":"closed","template":"page-graduacao.php","meta":{"footnotes":""},"class_list":["post-5643","page","type-page","status-publish","hentry"],"_links":{"self":[{"href":"https:\/\/turismo.ufpr.br\/index.php\/wp-json\/wp\/v2\/pages\/5643","targetHints":{"allow":["GET"]}}],"collection":[{"href":"https:\/\/turismo.ufpr.br\/index.php\/wp-json\/wp\/v2\/pages"}],"about":[{"href":"https:\/\/turismo.ufpr.br\/index.php\/wp-json\/wp\/v2\/types\/page"}],"author":[{"embeddable":true,"href":"https:\/\/turismo.ufpr.br\/index.php\/wp-json\/wp\/v2\/users\/1318"}],"replies":[{"embeddable":true,"href":"https:\/\/turismo.ufpr.br\/index.php\/wp-json\/wp\/v2\/comments?post=5643"}],"version-history":[{"count":2,"href":"https:\/\/turismo.ufpr.br\/index.php\/wp-json\/wp\/v2\/pages\/5643\/revisions"}],"predecessor-version":[{"id":5753,"href":"https:\/\/turismo.ufpr.br\/index.php\/wp-json\/wp\/v2\/pages\/5643\/revisions\/5753"}],"up":[{"embeddable":true,"href":"https:\/\/turismo.ufpr.br\/index.php\/wp-json\/wp\/v2\/pages\/5639"}],"wp:attachment":[{"href":"https:\/\/turismo.ufpr.br\/index.php\/wp-json\/wp\/v2\/media?parent=5643"}],"curies":[{"name":"wp","href":"https:\/\/api.w.org\/{rel}","templated":true}]}}