{"id":5641,"date":"2023-01-26T17:37:15","date_gmt":"2023-01-26T17:37:15","guid":{"rendered":"https:\/\/turismo.ufpr.br\/?page_id=5641"},"modified":"2023-01-27T13:04:46","modified_gmt":"2023-01-27T13:04:46","slug":"vestibular","status":"publish","type":"page","link":"https:\/\/turismo.ufpr.br\/index.php\/formas-de-ingresso\/vestibular\/","title":{"rendered":"Vestibular"},"content":{"rendered":"<p>Para informa\u00e7\u00f5es sobre o vestibular, veja o N\u00facleo de Concursos: <a href=\"http:\/\/portal.nc.ufpr.br\/PortalNC\/Home\" target=\"_blank\" rel=\"noopener\">http:\/\/portal.nc.ufpr.br\/PortalNC\/Home<\/a><\/p>\n","protected":false},"excerpt":{"rendered":"<p>Para informa\u00e7\u00f5es sobre o vestibular, veja o N\u00facleo de Concursos: http:\/\/portal.nc.ufpr.br\/PortalNC\/Home<\/p>\n","protected":false},"author":1318,"featured_media":0,"parent":5639,"menu_order":0,"comment_status":"closed","ping_status":"closed","template":"page-graduacao.php","meta":{"footnotes":""},"class_list":["post-5641","page","type-page","status-publish","hentry"],"_links":{"self":[{"href":"https:\/\/turismo.ufpr.br\/index.php\/wp-json\/wp\/v2\/pages\/5641","targetHints":{"allow":["GET"]}}],"collection":[{"href":"https:\/\/turismo.ufpr.br\/index.php\/wp-json\/wp\/v2\/pages"}],"about":[{"href":"https:\/\/turismo.ufpr.br\/index.php\/wp-json\/wp\/v2\/types\/page"}],"author":[{"embeddable":true,"href":"https:\/\/turismo.ufpr.br\/index.php\/wp-json\/wp\/v2\/users\/1318"}],"replies":[{"embeddable":true,"href":"https:\/\/turismo.ufpr.br\/index.php\/wp-json\/wp\/v2\/comments?post=5641"}],"version-history":[{"count":2,"href":"https:\/\/turismo.ufpr.br\/index.php\/wp-json\/wp\/v2\/pages\/5641\/revisions"}],"predecessor-version":[{"id":5743,"href":"https:\/\/turismo.ufpr.br\/index.php\/wp-json\/wp\/v2\/pages\/5641\/revisions\/5743"}],"up":[{"embeddable":true,"href":"https:\/\/turismo.ufpr.br\/index.php\/wp-json\/wp\/v2\/pages\/5639"}],"wp:attachment":[{"href":"https:\/\/turismo.ufpr.br\/index.php\/wp-json\/wp\/v2\/media?parent=5641"}],"curies":[{"name":"wp","href":"https:\/\/api.w.org\/{rel}","templated":true}]}}