{"id":5613,"date":"2023-01-26T17:12:17","date_gmt":"2023-01-26T17:12:17","guid":{"rendered":"https:\/\/turismo.ufpr.br\/?page_id=5613"},"modified":"2023-05-03T13:51:30","modified_gmt":"2023-05-03T13:51:30","slug":"regulamentos-grad","status":"publish","type":"page","link":"https:\/\/turismo.ufpr.br\/index.php\/regulamentos-grad\/","title":{"rendered":"Regulamentos"},"content":{"rendered":"<p><a href=\"https:\/\/turismo.ufpr.br\/index.php\/regulamentos-grad\/resolucoes-importantes\/\">1 Resolu\u00e7\u00f5es Importantes<\/a><\/p>\n<p><a href=\"https:\/\/turismo.ufpr.br\/index.php\/regulamentos-grad\/manual-da-estudante-e-do-estudante\/\">2 Manual da Estudante e do Estudante<\/a><\/p>\n<p><a href=\"https:\/\/turismo.ufpr.br\/index.php\/regulamentos-grad\/atividades-academicas-complementares-aac\/\">3 Atividades Formativas (AAC e AFC) <\/a><\/p>\n<p><a href=\"https:\/\/turismo.ufpr.br\/wp-content\/uploads\/2023\/03\/1.-Reg.-Projeto-Turismo-2018-23.04.2018-Atualizado.pdf\">4 Projeto de Planejamento e Gest\u00e3o em Turismo<\/a><\/p>\n<p><a href=\"https:\/\/turismo.ufpr.br\/index.php\/regulamentos-grad\/estagios\/\">5 Est\u00e1gios<\/a><\/p>\n<p><a href=\"https:\/\/turismo.ufpr.br\/wp-content\/uploads\/2023\/05\/Extensao.pdf\">6 Extens\u00e3o<\/a><\/p>\n<p><a href=\"https:\/\/turismo.ufpr.br\/index.php\/regulamentos-grad\/programa-de-orientacao-academica\/\">7 <\/a><a href=\"https:\/\/turismo.ufpr.br\/wp-content\/uploads\/2023\/05\/Regulamento-do-Programa-de-Orientacao-Academica.pdf\">Programa de Orienta\u00e7\u00e3o Acad\u00eamica<\/a><\/p>\n<p><a href=\"https:\/\/turismo.ufpr.br\/index.php\/regulamentos-grad\/aulas-praticas\/\">8 Aulas Pr\u00e1ticas<\/a><\/p>\n<p><a href=\"https:\/\/turismo.ufpr.br\/index.php\/regulamentos-grad\/aproveitamento-de-conhecimento\/\">9 Aproveitamento de Conhecimento<\/a><\/p>\n<p><a href=\"https:\/\/turismo.ufpr.br\/index.php\/regulamentos-grad\/adiantamento-de-conhecimento\/\">10 Adiantamento de Conhecimento<\/a><\/p>\n<p>&nbsp;<\/p>\n","protected":false},"excerpt":{"rendered":"<p>1 Resolu\u00e7\u00f5es Importantes 2 Manual da Estudante e do Estudante 3 Atividades Formativas (AAC e AFC) 4 Projeto de Planejamento e Gest\u00e3o em Turismo 5 Est\u00e1gios 6 Extens\u00e3o 7 Programa de Orienta\u00e7\u00e3o Acad\u00eamica 8 Aulas Pr\u00e1ticas 9 Aproveitamento de Conhecimento 10 Adiantamento de Conhecimento &nbsp;<\/p>\n","protected":false},"author":1318,"featured_media":0,"parent":0,"menu_order":0,"comment_status":"closed","ping_status":"closed","template":"page-graduacao.php","meta":{"footnotes":""},"class_list":["post-5613","page","type-page","status-publish","hentry"],"_links":{"self":[{"href":"https:\/\/turismo.ufpr.br\/index.php\/wp-json\/wp\/v2\/pages\/5613","targetHints":{"allow":["GET"]}}],"collection":[{"href":"https:\/\/turismo.ufpr.br\/index.php\/wp-json\/wp\/v2\/pages"}],"about":[{"href":"https:\/\/turismo.ufpr.br\/index.php\/wp-json\/wp\/v2\/types\/page"}],"author":[{"embeddable":true,"href":"https:\/\/turismo.ufpr.br\/index.php\/wp-json\/wp\/v2\/users\/1318"}],"replies":[{"embeddable":true,"href":"https:\/\/turismo.ufpr.br\/index.php\/wp-json\/wp\/v2\/comments?post=5613"}],"version-history":[{"count":21,"href":"https:\/\/turismo.ufpr.br\/index.php\/wp-json\/wp\/v2\/pages\/5613\/revisions"}],"predecessor-version":[{"id":5921,"href":"https:\/\/turismo.ufpr.br\/index.php\/wp-json\/wp\/v2\/pages\/5613\/revisions\/5921"}],"wp:attachment":[{"href":"https:\/\/turismo.ufpr.br\/index.php\/wp-json\/wp\/v2\/media?parent=5613"}],"curies":[{"name":"wp","href":"https:\/\/api.w.org\/{rel}","templated":true}]}}