{"id":5603,"date":"2023-01-26T17:04:08","date_gmt":"2023-01-26T17:04:08","guid":{"rendered":"https:\/\/turismo.ufpr.br\/?page_id=5603"},"modified":"2026-02-23T20:17:12","modified_gmt":"2026-02-23T20:17:12","slug":"oferta-horarios","status":"publish","type":"page","link":"https:\/\/turismo.ufpr.br\/index.php\/apresentacao-grad\/matriz-curricular\/oferta-horarios\/","title":{"rendered":"Oferta &#8211; Hor\u00e1rios"},"content":{"rendered":"<p><a href=\"https:\/\/turismo.ufpr.br\/wp-content\/uploads\/2026\/01\/Horario-Turismo-2026-_1osemestre-28.01.2026.pdf\">Hor\u00e1rio Turismo &#8211; 2026 &#8211; Primeiro Semestre<\/a><\/p>\n<p><a href=\"https:\/\/turismo.ufpr.br\/wp-content\/uploads\/2026\/02\/2026-1-v6.-23-02-2026-1.pdf\" target=\"_blank\" rel=\"noopener\">Ensalamento 2026-1<\/a> (Atualizado em 23\/02\/2026 &#8211; sujeito a altera\u00e7\u00f5es)<\/p>\n<p>&nbsp;<\/p>\n<p>&nbsp;<\/p>\n<p><a href=\"https:\/\/turismo.ufpr.br\/wp-content\/uploads\/2025\/06\/Horario-Turismo-2025_2osemestre-09.06.2025-Ultima-Versao.pdf\">Hor\u00e1rio Turismo &#8211; 2025 &#8211; Segundo Semestre<\/a><\/p>\n<p><a href=\"https:\/\/turismo.ufpr.br\/wp-content\/uploads\/2025\/07\/2025-2-v1.-21-07-2025.pdf\" target=\"_blank\" rel=\"noopener\">Ensalamento 2025-2<\/a> (Atualizado em 30\/07\/2025)<\/p>\n<p>&nbsp;<\/p>\n<p>&nbsp;<\/p>\n<p><a href=\"https:\/\/turismo.ufpr.br\/wp-content\/uploads\/2025\/12\/Res.-no-22-25-CEPE-.pdf\">Calend\u00e1rio Acad\u00eamico 2026<\/a><\/p>\n<p>&nbsp;<\/p>\n<p>&nbsp;<\/p>\n","protected":false},"excerpt":{"rendered":"<p>Hor\u00e1rio Turismo &#8211; 2026 &#8211; Primeiro Semestre Ensalamento 2026-1 (Atualizado em 23\/02\/2026 &#8211; sujeito a altera\u00e7\u00f5es) &nbsp; &nbsp; Hor\u00e1rio Turismo &#8211; 2025 &#8211; Segundo Semestre Ensalamento 2025-2 (Atualizado em 30\/07\/2025) &nbsp; &nbsp; Calend\u00e1rio Acad\u00eamico 2026 &nbsp; &nbsp;<\/p>\n","protected":false},"author":1318,"featured_media":0,"parent":5599,"menu_order":0,"comment_status":"closed","ping_status":"closed","template":"page-graduacao.php","meta":{"footnotes":""},"class_list":["post-5603","page","type-page","status-publish","hentry"],"_links":{"self":[{"href":"https:\/\/turismo.ufpr.br\/index.php\/wp-json\/wp\/v2\/pages\/5603","targetHints":{"allow":["GET"]}}],"collection":[{"href":"https:\/\/turismo.ufpr.br\/index.php\/wp-json\/wp\/v2\/pages"}],"about":[{"href":"https:\/\/turismo.ufpr.br\/index.php\/wp-json\/wp\/v2\/types\/page"}],"author":[{"embeddable":true,"href":"https:\/\/turismo.ufpr.br\/index.php\/wp-json\/wp\/v2\/users\/1318"}],"replies":[{"embeddable":true,"href":"https:\/\/turismo.ufpr.br\/index.php\/wp-json\/wp\/v2\/comments?post=5603"}],"version-history":[{"count":68,"href":"https:\/\/turismo.ufpr.br\/index.php\/wp-json\/wp\/v2\/pages\/5603\/revisions"}],"predecessor-version":[{"id":6430,"href":"https:\/\/turismo.ufpr.br\/index.php\/wp-json\/wp\/v2\/pages\/5603\/revisions\/6430"}],"up":[{"embeddable":true,"href":"https:\/\/turismo.ufpr.br\/index.php\/wp-json\/wp\/v2\/pages\/5599"}],"wp:attachment":[{"href":"https:\/\/turismo.ufpr.br\/index.php\/wp-json\/wp\/v2\/media?parent=5603"}],"curies":[{"name":"wp","href":"https:\/\/api.w.org\/{rel}","templated":true}]}}