{"id":5593,"date":"2023-01-26T16:56:45","date_gmt":"2023-01-26T16:56:45","guid":{"rendered":"https:\/\/turismo.ufpr.br\/?page_id=5593"},"modified":"2025-01-07T12:29:01","modified_gmt":"2025-01-07T12:29:01","slug":"contatos-grad","status":"publish","type":"page","link":"https:\/\/turismo.ufpr.br\/index.php\/apresentacao-grad\/contatos-grad\/","title":{"rendered":"Contatos"},"content":{"rendered":"<p class=\"western\" align=\"justify\"><strong><span style=\"color: #000000\"><span style=\"font-family: Verdana, sans-serif\"><span style=\"font-size: medium\"><b>Hor\u00e1rio de atendimento:<\/b><\/span><\/span><\/span><\/strong><\/p>\n<p class=\"western\" align=\"justify\"><span style=\"color: #000000;font-family: Verdana, sans-serif;font-size: medium\">9h \u00e0s 12h e 13h \u00e0s 18h<\/span><\/p>\n<p class=\"western\" align=\"justify\"><span style=\"color: #000000\"><span style=\"font-family: Verdana, sans-serif\"><span style=\"font-size: medium\">Secret\u00e1ria: Carla Giovana Kasprzak<\/span><\/span><\/span><\/p>\n<p class=\"western\" align=\"justify\"><span style=\"color: #000000\"><span style=\"font-family: Verdana, sans-serif\"><span style=\"font-size: medium\">Telefone: (41) 3535-6234<\/span><\/span><\/span><\/p>\n<p class=\"western\" align=\"justify\"><span style=\"color: #000000\"><span style=\"font-family: Verdana, sans-serif\"><span style=\"font-size: medium\">E-mail: ctur@ufpr.br\u00a0<\/span><\/span><\/span><\/p>\n<p class=\"western\" align=\"left\">\n","protected":false},"excerpt":{"rendered":"<p>Hor\u00e1rio de atendimento: 9h \u00e0s 12h e 13h \u00e0s 18h Secret\u00e1ria: Carla Giovana Kasprzak Telefone: (41) 3535-6234 E-mail: ctur@ufpr.br\u00a0<\/p>\n","protected":false},"author":1318,"featured_media":0,"parent":5583,"menu_order":0,"comment_status":"closed","ping_status":"closed","template":"page-graduacao.php","meta":{"footnotes":""},"class_list":["post-5593","page","type-page","status-publish","hentry"],"_links":{"self":[{"href":"https:\/\/turismo.ufpr.br\/index.php\/wp-json\/wp\/v2\/pages\/5593","targetHints":{"allow":["GET"]}}],"collection":[{"href":"https:\/\/turismo.ufpr.br\/index.php\/wp-json\/wp\/v2\/pages"}],"about":[{"href":"https:\/\/turismo.ufpr.br\/index.php\/wp-json\/wp\/v2\/types\/page"}],"author":[{"embeddable":true,"href":"https:\/\/turismo.ufpr.br\/index.php\/wp-json\/wp\/v2\/users\/1318"}],"replies":[{"embeddable":true,"href":"https:\/\/turismo.ufpr.br\/index.php\/wp-json\/wp\/v2\/comments?post=5593"}],"version-history":[{"count":5,"href":"https:\/\/turismo.ufpr.br\/index.php\/wp-json\/wp\/v2\/pages\/5593\/revisions"}],"predecessor-version":[{"id":6211,"href":"https:\/\/turismo.ufpr.br\/index.php\/wp-json\/wp\/v2\/pages\/5593\/revisions\/6211"}],"up":[{"embeddable":true,"href":"https:\/\/turismo.ufpr.br\/index.php\/wp-json\/wp\/v2\/pages\/5583"}],"wp:attachment":[{"href":"https:\/\/turismo.ufpr.br\/index.php\/wp-json\/wp\/v2\/media?parent=5593"}],"curies":[{"name":"wp","href":"https:\/\/api.w.org\/{rel}","templated":true}]}}