{"id":5363,"date":"2021-11-09T19:49:55","date_gmt":"2021-11-09T19:49:55","guid":{"rendered":"https:\/\/turismo.ufpr.br\/?page_id=5363"},"modified":"2025-12-12T19:39:37","modified_gmt":"2025-12-12T19:39:37","slug":"grade-e-corpo-docente","status":"publish","type":"page","link":"https:\/\/turismo.ufpr.br\/index.php\/grade-e-corpo-docente\/","title":{"rendered":"Grade e Corpo Docente"},"content":{"rendered":"<p><a href=\"https:\/\/turismo.ufpr.br\/wp-content\/uploads\/2023\/01\/PPC-Versao-Siga.pdf\">Projeto Pedag\u00f3gico &#8211; Curr\u00edculo 2023<\/a><\/p>\n<p><a href=\"https:\/\/turismo.ufpr.br\/wp-content\/uploads\/2023\/04\/Matriz-curricular.pdf\">Matriz Curricular &#8211; Curr\u00edculo 2023<\/a><\/p>\n<p><a href=\"https:\/\/turismo.ufpr.br\/wp-content\/uploads\/2023\/04\/Ementas.pdf\">Ementas &#8211; Curr\u00edculo 2023<\/a><\/p>\n<p>&nbsp;<\/p>\n<p><a href=\"https:\/\/turismo.ufpr.br\/wp-content\/uploads\/2023\/04\/PP-TURISMO-2014-versao-final.pdf\">Projeto Pedag\u00f3gico &#8211; Curr\u00edculo 2015<\/a><\/p>\n<p>&nbsp;<\/p>\n<p>&nbsp;<\/p>\n<p><a href=\"https:\/\/turismo.ufpr.br\/wp-content\/uploads\/2025\/12\/Horario-Turismo-2026-_1osemestre-12.12.2025.pdf\">Hor\u00e1rio Turismo 2026 \u2013 1\u00ba semestre<\/a><\/p>\n<p>&nbsp;<\/p>\n<p><a href=\"https:\/\/turismo.ufpr.br\/wp-content\/uploads\/2025\/06\/Horario-Turismo-2025_2osemestre-09.06.2025-Ultima-Versao.pdf\">Hor\u00e1rio Turismo 2025 &#8211; 2\u00basemestre<\/a><a href=\"https:\/\/turismo.ufpr.br\/wp-content\/uploads\/2024\/07\/Horario-Turismo-2024_2osemestre-26.07.2024-Site.pdf\">\u00a0<\/a><\/p>\n<p>&nbsp;<\/p>\n<p>&nbsp;<\/p>\n<h4>Corpo Docente<\/h4>\n<p align=\"left\"><b><strong>PROFESSORES 40h DEDICA\u00c7\u00c3O EXCLUSIVA<\/strong><\/b><\/p>\n<hr \/>\n<p>&nbsp;<\/p>\n<p align=\"left\"><b><strong>Prof. Dr. Carlos Eduardo Silveira<\/strong><\/b><br \/>\nBacharel em Turismo e Hotelaria (UNIVALI). Mestre em Tourism in Developing Countries (University of Strathclyde \u2013 Reino Unido). Doutor em Gesti\u00f3n y Desarrollo Tur\u00edstico Sostenible (UMA-Espanha)<br \/>\nE-mail: caesilveira@ufpr.br<br \/>\n<a href=\"http:\/\/buscatextual.cnpq.br\/buscatextual\/visualizacv.do?id=K4771915D5\" target=\"_blank\" rel=\"noopener\">Curr\u00edculo Lattes<\/a><\/p>\n<p align=\"left\"><b><strong>Profa. Dra. Cassiana Panissa Gabrielli<\/strong><\/b><br \/>\nBacharel em Turismo (UFPR). Mestre em Cultura &amp; Turismo (UESC\/UFBA). Doutora em Estudos Interdisciplinares Sobre Mulheres, G\u00eanero e Feminismo (UFBA)<br \/>\nE-mail: cassiana.gabrielli@ufpr.br<br \/>\n<a href=\"https:\/\/buscatextual.cnpq.br\/buscatextual\/visualizacv.do?id=K4746159H0&amp;tokenCaptchar=03AFcWeA4j_qQHSacMt7Wydv1Yubh56nMG01oUzm9J35PqqcaEGgQvRd6bPk8i57-Qo2x5JnJ8LzpXj7s-U-gIc6aAWbJ2uFZc7Qsu1Vbytb-o1vw1-BFGGjR4noH1CtnoA7gzZ2gyMSnT6bG0HgF5ySJZ4-Zs8gExsuAS0UV0KmBTe8jrMWgspkaK22t3Z7imojSB9kCCUKdvrahdVWaeCIHn37849Bu1ek9o3Sy4m61tFeJSmDkYyoXaSaWRQvBwy5Rq1ocSGMJ5S1AS6BmYFPX8dYI8G7ByXeThZgUzpSVeZCYziekHyfcH6e2p6MOnaC5_MK3UEWgHYbJB2UzOT8eyAA7t-lTHSiAJPBqCGy3SN944drwjvGwkJbQgbewjLiuDKg7cWKwQZVuJIxva4LPPpnGOiUjiSgy9VfvES806-PxPieWAWxu5-cIcLf_1vlqOD-xWEW16NFOwvaVE9v3LrLraAVauUGKWjiS7eKODRMmC5BPXicyqm5uUsYn32RI2QQrUXjeACedghFS0497mYuiFSsZSa5MFu1DH5ohA4XNtmCmWqA2drzYz_6fNgeGMGPsjOgxEUFVrjVifV_moJyBnuYcmDnjZJTzVm--pSm1L4c9b7gNqvGZY0VoqgdirVToMKNAR-exkjmmsAcuwOHRt8xUPawSznScobzNuZqzFavjc3zo\" target=\"_blank\" rel=\"noopener\">Curr\u00edculo Lattes<\/a><\/p>\n<p align=\"left\"><b><strong>Profa. Dra. Clarice Bastarz<br \/>\n<\/strong><\/b>Bacharel em Turismo (UFPR). Mestre em Engenharia Florestal (UFPR). Doutora em Desenvolvimento Rural (UFRGS)<br \/>\nE-mail: clariceb@ufpr.br<br \/>\n<a href=\"http:\/\/lattes.cnpq.br\/5834945320684124\" target=\"_blank\" rel=\"noopener\">Curr\u00edculo Lattes<\/a><\/p>\n<p align=\"left\"><b><strong>Prof. Dr. Jaciel Gustavo Kunz<br \/>\n<\/strong><\/b>Bacharel em Turismo (PUCRS). Mestre em Turismo (UCS). Doutor em Geografia (UFRGS)<br \/>\nE-mail: jacielkunz@ufpr.br<br \/>\n<a href=\"http:\/\/lattes.cnpq.br\/3082574114190162\" target=\"_blank\" rel=\"noopener\">Curr\u00edculo Lattes<\/a><\/p>\n<p align=\"left\"><b><strong>Profa. Dra. Juliana Medaglia<br \/>\n<\/strong><\/b>Bacharel Turismo pela Universidade Anhembi Morumbi. Especializa\u00e7\u00e3o em Marketing Empresarial (UFSC). Mestre em Comunicaci\u00f3n y Turismo (UMA-Espanha). Doutora em Ci\u00eancia da Informa\u00e7\u00e3o (UFMG)<br \/>\nE-mail: juliana.medaglia@ufpr.br<br \/>\n<a href=\"http:\/\/lattes.cnpq.br\/5292267261816076\" target=\"_blank\" rel=\"noopener\">Curr\u00edculo Lattes<\/a><\/p>\n<p align=\"left\"><b><strong>Profa. Dra. Laura Alice Rinaldi Camargo<\/strong><\/b><br \/>\nBacharel em Turismo (UFPR). Mestre em Cultura e Turismo (UESC). Doutora\u00a0em Educa\u00e7\u00e3o F\u00edsica (UEL)<br \/>\nE-mail: laura.rinaldi@ufpr.br<br \/>\n<a href=\"http:\/\/buscatextual.cnpq.br\/buscatextual\/visualizacv.do?id=K4711584T3\" target=\"_blank\" rel=\"noopener\">Curr\u00edculo Lattes<\/a><\/p>\n<p><strong>Prof. Dr. Leandro B. Brusadin<\/strong><br \/>\nBacharel em Turismo (PUC-Campinas). Mestre em Hospitalidade (Universidade Anhembi Morumbi). Doutor em Hist\u00f3ria (UNESP). P\u00f3s-Doutorado em Turismo e Hospitalidade (USP). P\u00f3s-Doutorado em Sociologia (Universit\u00e9 Paris V | Sorbonne).<br \/>\nE-mail: leandrobrusadin@ufpr.br<br \/>\n<a href=\"https:\/\/buscatextual.cnpq.br\/buscatextual\/visualizacv.do?metodo=apresentar&amp;id=K4737818P9\" target=\"_blank\" rel=\"noopener\">Curriculum Lattes<\/a><\/p>\n<p align=\"left\"><b><strong>Profa. Dra. Leticia Bartoszeck Nitsche<\/strong><\/b><br \/>\nBacharel em Turismo (UFPR). Mestre em Geografia (UFPR). Doutora em Geografia (UFPR)<br \/>\nE-mail: let@ufpr.br<br \/>\n<a href=\"http:\/\/buscatextual.cnpq.br\/buscatextual\/visualizacv.do?id=K4167230Y6\" target=\"_blank\" rel=\"noopener\">Curr\u00edculo Lattes<\/a><\/p>\n<p align=\"left\"><b><strong>Profa. Dra. Luciane de F\u00e1tima Neri<\/strong><\/b><br \/>\nBacharel em Turismo (UFPR). Mestre em Gesti\u00f3n Publica del Turismo (UNIA-Espanha). Doutora em Turismo y Sostenibilidad (UMA-Espanha).<br \/>\nE-mail: luciane@ufpr.br<br \/>\n<a href=\"http:\/\/buscatextual.cnpq.br\/buscatextual\/visualizacv.do?id=K4702283Y1\" target=\"_blank\" rel=\"noopener\">Curr\u00edculo Lattes<\/a><\/p>\n<p align=\"left\"><b><strong>Profa. Dra. M\u00e1rcia Shizue Massukado Nakatani<\/strong><\/b><br \/>\nBacharel em Turismo (UFPR). Mestre em Administra\u00e7\u00e3o (UFPR). Doutora em Administra\u00e7\u00e3o (UFPR)<br \/>\nE-mail: marcia.nakatani@ufpr.br<br \/>\n<a href=\"http:\/\/buscatextual.cnpq.br\/buscatextual\/visualizacv.do?id=K4746389Y6\" target=\"_blank\" rel=\"noopener\">Curr\u00edculo Lattes<\/a><\/p>\n<p align=\"left\"><b><strong>Profa. Dra. Margarete Araujo Teles<\/strong><\/b><br \/>\nBacharel em Turismo (UFPR). Bacharel e Licenciada em Geografia (UFPR). Mestre em Geografia (UFPR). Doutora em Geografia (UFPR)<br \/>\nE-mail: margateles@ufpr.br<br \/>\n<a href=\"http:\/\/buscatextual.cnpq.br\/buscatextual\/visualizacv.do?id=K4742427P2\" target=\"_blank\" rel=\"noopener\">Curr\u00edculo Lattes<\/a><\/p>\n<p align=\"left\"><b><strong>Profa. Dra. Melise de Lima Pereira<br \/>\n<\/strong><\/b>Bacharel em Turismo (UFPEL). Mestre em Turismo e Hotelaria (UNIVALI). Doutora em Turismo e Hotelaria (UNIVALI)<br \/>\nE-mail: melisepereira@ufpr.br<br \/>\n<a href=\"http:\/\/lattes.cnpq.br\/0436042522843445\" target=\"_blank\" rel=\"noopener\">Curr\u00edculo Lattes<\/a><\/p>\n<p align=\"left\"><b><strong>Profa. Dra. Thays Cristina Domareski Ruiz<\/strong><\/b><br \/>\nBacharel em Turismo (UNIOESTE). Mestre em Turismo e Hotelaria (UNIVALI). Doutora\u00a0em Geografia (UFPR)<br \/>\nE-mail: thaysruiz@ufpr.br<\/p>\n<p align=\"left\"><a href=\"http:\/\/buscatextual.cnpq.br\/buscatextual\/visualizacv.do?id=K4460322H1\" target=\"_blank\" rel=\"noopener\">Curr\u00edculo Lattes<\/a><\/p>\n<p align=\"left\"><b><strong>Prof. Dr. Vander Valduga<\/strong><\/b><br \/>\nBacharel em Turismo (UCS). Mestre em Turismo (UCS). Doutor em Geografia (UFRGS).<br \/>\nE-mail: vandervalduga@gmail.com<br \/>\n<a href=\"http:\/\/buscatextual.cnpq.br\/buscatextual\/visualizacv.do?id=K4138009U2\" target=\"_blank\" rel=\"noopener\">Curr\u00edculo Lattes<\/a><\/p>\n<hr \/>\n<p align=\"left\"><b><strong>PROFESSOR 20h<\/strong><\/b><\/p>\n<hr \/>\n<p align=\"left\"><b><strong>Prof. Dr. Dario Luiz Dias Paix\u00e3o<\/strong><\/b><br \/>\nBacharel em Turismo (UFPR). Mestre em Turismo (ULPGC-Espanha). Doutor em Gesti\u00f3n y Desarrollo Tur\u00edstico Sostenible (UMA-Espanha)<br \/>\nE-mail: dariopaixao@hotmail.com<br \/>\n<a href=\"http:\/\/buscatextual.cnpq.br\/buscatextual\/visualizacv.do?id=K4715527E1\" target=\"_blank\" rel=\"noopener\">Curr\u00edculo Lattes<\/a><\/p>\n<hr \/>\n<p align=\"left\"><b><strong>PROFESSORAS Aposentadas<\/strong><\/b><\/p>\n<hr \/>\n<p align=\"left\"><b><strong>Profa. Esp. Deise Maria Fernandes Bezerra<br \/>\n<\/strong><\/b>Bacharel em Turismo (UFPR). Bacharel em Administra\u00e7\u00e3o (FESP-PR). Especialista em Planejamento e Gest\u00e3o do Turismo (UFPR)<br \/>\nE-mail: deisemfb@terra.com.br<br \/>\n<a href=\"http:\/\/buscatextual.cnpq.br\/buscatextual\/visualizacv.do?id=K4241472H6\" target=\"_blank\" rel=\"noopener\">Curr\u00edculo Lattes<\/a><\/p>\n<p align=\"left\"><b><strong>Profa. Dra. Silvana do Rocio de Souza<\/strong><\/b><br \/>\nBacharel em Turismo (UFPR). Mestre em Educa\u00e7\u00e3o (UTP). Doutora em Geografia (UFPR)<br \/>\nE-mail: silvanasouza.tur@gmail.com<br \/>\n<a href=\"http:\/\/buscatextual.cnpq.br\/buscatextual\/visualizacv.do?id=K4185328P8\" target=\"_blank\" rel=\"noopener\">Curr\u00edculo Lattes<\/a><\/p>\n<hr \/>\n<p align=\"left\"><b><strong>EM MEM\u00d3RIA \u2013 PROFESSORES<\/strong><\/b><\/p>\n<hr \/>\n<p align=\"left\"><b><strong>Prof. Dr. Jos\u00e9 Manoel G. G\u00e2ndara<\/strong><\/b><br \/>\nBacharel em Turismo (UFPR). Mestre em Gest\u00e3o do Turismo (SSCTSP-It\u00e1lia). Doutor em Turismo e Desenvolvimento Sustent\u00e1vel (ULPGC-Espanha).<br \/>\n<a href=\"http:\/\/buscatextual.cnpq.br\/buscatextual\/visualizacv.do?id=K4702948U5\" target=\"_blank\" rel=\"noopener\">Curr\u00edculo Lattes<\/a><\/p>\n<p align=\"left\"><b><strong>Prof. Dr. Miguel Bahl<\/strong><\/b><br \/>\nBacharel em Turismo (UFPR). Licenciado em Estudos Sociais (UFPR). Mestre em Ci\u00eancia da Comunica\u00e7\u00e3o (USP). Doutor em Ci\u00eancia da Comunica\u00e7\u00e3o (USP)<br \/>\n<a href=\"http:\/\/buscatextual.cnpq.br\/buscatextual\/visualizacv.do?id=K4796865J9\" target=\"_blank\" rel=\"noopener\">Curr\u00edculo Lattes<\/a><\/p>\n<p>&nbsp;<\/p>\n","protected":false},"excerpt":{"rendered":"<p>Projeto Pedag\u00f3gico &#8211; Curr\u00edculo 2023 Matriz Curricular &#8211; Curr\u00edculo 2023 Ementas &#8211; Curr\u00edculo 2023 &nbsp; Projeto Pedag\u00f3gico &#8211; Curr\u00edculo 2015 &nbsp; &nbsp; Hor\u00e1rio Turismo 2026 \u2013 1\u00ba semestre &nbsp; Hor\u00e1rio Turismo 2025 &#8211; 2\u00basemestre\u00a0 &nbsp; &nbsp; Corpo Docente PROFESSORES 40h DEDICA\u00c7\u00c3O EXCLUSIVA &nbsp; Prof. Dr. Carlos Eduardo Silveira Bacharel em Turismo e Hotelaria (UNIVALI). Mestre [&hellip;]<\/p>\n","protected":false},"author":1318,"featured_media":0,"parent":0,"menu_order":0,"comment_status":"closed","ping_status":"closed","template":"page-graduacao.php","meta":{"footnotes":""},"class_list":["post-5363","page","type-page","status-publish","hentry"],"_links":{"self":[{"href":"https:\/\/turismo.ufpr.br\/index.php\/wp-json\/wp\/v2\/pages\/5363","targetHints":{"allow":["GET"]}}],"collection":[{"href":"https:\/\/turismo.ufpr.br\/index.php\/wp-json\/wp\/v2\/pages"}],"about":[{"href":"https:\/\/turismo.ufpr.br\/index.php\/wp-json\/wp\/v2\/types\/page"}],"author":[{"embeddable":true,"href":"https:\/\/turismo.ufpr.br\/index.php\/wp-json\/wp\/v2\/users\/1318"}],"replies":[{"embeddable":true,"href":"https:\/\/turismo.ufpr.br\/index.php\/wp-json\/wp\/v2\/comments?post=5363"}],"version-history":[{"count":48,"href":"https:\/\/turismo.ufpr.br\/index.php\/wp-json\/wp\/v2\/pages\/5363\/revisions"}],"predecessor-version":[{"id":6391,"href":"https:\/\/turismo.ufpr.br\/index.php\/wp-json\/wp\/v2\/pages\/5363\/revisions\/6391"}],"wp:attachment":[{"href":"https:\/\/turismo.ufpr.br\/index.php\/wp-json\/wp\/v2\/media?parent=5363"}],"curies":[{"name":"wp","href":"https:\/\/api.w.org\/{rel}","templated":true}]}}